{"id":778,"date":"2021-11-25T21:18:49","date_gmt":"2021-11-25T20:18:49","guid":{"rendered":"https:\/\/www.ecoprojectwane.com\/?page_id=778"},"modified":"2022-07-14T07:02:48","modified_gmt":"2022-07-14T05:02:48","slug":"verschmutzung","status":"publish","type":"page","link":"https:\/\/www.ecoprojectwane.com\/de\/verschmutzung\/","title":{"rendered":"VERSCHMUTZUNG"},"content":{"rendered":"\n<div class=\"wp-block-genesis-blocks-gb-columns gb-slate-section-hero-with-buttons gb-slate-section-hero-buttons gb-layout-columns-1 one-column gb-background-cover gb-background-no-repeat gb-columns-center alignfull\" style=\"padding-top:2em;padding-right:1em;padding-bottom:2em;padding-left:1em;background-image:url(https:\/\/www.ecoprojectwane.com\/fotos\/bg_waste.jpg);background-position:65% 50%\"><div class=\"gb-layout-column-wrap gb-block-layout-column-gap-1 gb-is-responsive-column\" style=\"max-width:1152px\">\n<div class=\"wp-block-genesis-blocks-gb-column gb-block-layout-column\"><div class=\"gb-block-layout-column-inner\">\n<div class=\"wp-block-genesis-blocks-gb-columns gb-layout-columns-2 gb-2-col-wideleft gb-columns-center alignfull\"><div class=\"gb-layout-column-wrap gb-block-layout-column-gap-8 gb-is-responsive-column\" style=\"max-width:1200px\">\n<div class=\"wp-block-genesis-blocks-gb-column gb-block-layout-column gb-is-vertically-aligned-top\"><div class=\"gb-block-layout-column-inner\">\n<h2 class=\"has-text-color wp-block-heading\" style=\"color:#000000;font-size:60px\">POLLUTION<\/h2>\n\n\n\n<p>Plastik ist heutzutage eines der Hauptabfallprobleme der Welt, so auch in der Gegend von Pantai Wane. Plastikm\u00fcll ist bereits auf der ganzen Welt in der Natur zu finden und wird durch Zeit und physikalische Kr\u00e4fte zu Mikroplastikpartikeln zermahlen, die dann ihre Reise durch \u00d6kosysteme und Organismen antreten. Mikroplastik fungiert als Rivale zu Plankton, verdunkelt das Licht in tieferen Meeres\u00f6kosystemen, st\u00f6rt die Nahrungsketten und hat nachweislich sogar signifikante Auswirkungen auf den menschlichen K\u00f6rper.<\/p>\n\n\n\n<p>Au\u00dferdem fungiert es als Brutst\u00e4tte f\u00fcr verschiedene Bakterienst\u00e4mme, wenn es in ein feuchtes Gebiet der Natur geworfen wird. So ist es h\u00e4ufig in Fl\u00fcssen und Anh\u00e4ufungen an Flussbetten zu finden. Dies f\u00fchrt zur \u00dcbertragung vieler Krankheiten auf die Menschen \u2013 nicht zuletzt auf Kinder, die in diesen Gew\u00e4ssern spielen und schwimmen.<\/p>\n\n\n\n<p>Zus\u00e4tzlich zum Plastikm\u00fcll gelangen Motor\u00f6le, Benzin und andere Chemikalien ungefiltert in das nat\u00fcrliche Wassersystem und verschmutzen B\u00f6den, Gew\u00e4sser und Meere auf schwerwiegende Weise. Dies f\u00fchrt am Ende dazu, dass gerade die von nat\u00fcrlichen Wasserquellen abh\u00e4ngigen Menschen der \u00f6rtlichen Gemeinde sich erneut \u00fcber ihr Trinkwasser und die Nahrung (v.a. Fisch, der sich mit Schwermetallen und Giftstoffen angereichert hat) vergiften.<\/p>\n\n\n\n<div class=\"wp-block-genesis-blocks-gb-button gb-block-button\" style=\"text-align: left;\"><a class=\"gb-button gb-button-shape-rounded gb-button-size-small\" style=\"color: #ffe62c; background-color: #5b8c51;\" href=\"https:\/\/www.ecoprojectwane.com\/#challenges\">Zur\u00fcck<\/a><\/div>\n<\/div><\/div>\n\n\n\n<div class=\"wp-block-genesis-blocks-gb-column gb-block-layout-column gb-is-vertically-aligned-center\"><div class=\"gb-block-layout-column-inner\">\n<p><\/p>\n<\/div><\/div>\n<\/div><\/div>\n<\/div><\/div>\n<\/div><\/div>\n","protected":false},"excerpt":{"rendered":"","protected":false},"author":2,"featured_media":0,"parent":0,"menu_order":0,"comment_status":"closed","ping_status":"closed","template":"","meta":{"_monsterinsights_skip_tracking":false,"_monsterinsights_sitenote_active":false,"_monsterinsights_sitenote_note":"","_monsterinsights_sitenote_category":0,"_genesis_hide_title":false,"_genesis_hide_breadcrumbs":false,"_genesis_hide_singular_image":false,"_genesis_hide_footer_widgets":false,"_genesis_custom_body_class":"","_genesis_custom_post_class":"","_genesis_layout":"","footnotes":""},"class_list":{"0":"post-778","1":"page","2":"type-page","3":"status-publish","5":"entry"},"featured_image_src":null,"featured_image_src_square":null,"_links":{"self":[{"href":"https:\/\/www.ecoprojectwane.com\/de\/wp-json\/wp\/v2\/pages\/778","targetHints":{"allow":["GET"]}}],"collection":[{"href":"https:\/\/www.ecoprojectwane.com\/de\/wp-json\/wp\/v2\/pages"}],"about":[{"href":"https:\/\/www.ecoprojectwane.com\/de\/wp-json\/wp\/v2\/types\/page"}],"author":[{"embeddable":true,"href":"https:\/\/www.ecoprojectwane.com\/de\/wp-json\/wp\/v2\/users\/2"}],"replies":[{"embeddable":true,"href":"https:\/\/www.ecoprojectwane.com\/de\/wp-json\/wp\/v2\/comments?post=778"}],"version-history":[{"count":2,"href":"https:\/\/www.ecoprojectwane.com\/de\/wp-json\/wp\/v2\/pages\/778\/revisions"}],"predecessor-version":[{"id":1160,"href":"https:\/\/www.ecoprojectwane.com\/de\/wp-json\/wp\/v2\/pages\/778\/revisions\/1160"}],"wp:attachment":[{"href":"https:\/\/www.ecoprojectwane.com\/de\/wp-json\/wp\/v2\/media?parent=778"}],"curies":[{"name":"wp","href":"https:\/\/api.w.org\/{rel}","templated":true}]}}